{"id":4,"date":"2015-02-12T16:26:47","date_gmt":"2015-02-12T14:26:47","guid":{"rendered":"http:\/\/www.justinsolv.ro\/?page_id=4"},"modified":"2023-06-20T15:34:49","modified_gmt":"2023-06-20T12:34:49","slug":"prezentare","status":"publish","type":"page","link":"https:\/\/www.justinsolv.ro\/?page_id=4","title":{"rendered":"Prezentare"},"content":{"rendered":"<p><strong><em>\u00a0 \u00a0 \u00a0 \u00a0 Just Insolv SPRL <\/em><\/strong>a fost \u00eenfiin\u021bat\u0103 \u00een 2015 av\u00e2nd ca obiectiv exercitarea profesiei de practician \u00een insolven\u021b\u0103.<\/p>\n<p>\u00centreaga activitate se desf\u0103\u0219oar\u0103 sub conducerea \u0219i administrarea celor 2 asocia\u021bi: av. Ileana Cismaru \u0219i av. Oprescu Ioana, membri ai Baroului Prahova \u0219i ai Uniunii Na\u021bionale a Practicienilor \u00een Insolven\u021b\u0103.<\/p>\n<p><em>\u00a0 \u00a0 \u00a0 Just Insolv SPRL<\/em> este o societate specializata in redresare si reorganizare judiciara a societatilor aflate in dificultati economice si conducerea procedurilor de prevenire a insolventei si de insolventa astfel cum sunt ele legiferate de Codul insolventei.<\/p>\n<p><strong>\u00a0 \u00a0 \u00a0 \u00a0Pentru societatile comerciale care intampina probleme economice legate de plata datoriilor catre Bugetele de stat, banci, societati de leasing, furnizori, societatea noastra profesionala poate veni in sprijinul acestora prin gasirea de solutii juridice si economice, in cadrul unei proceduri de insolventa, si anume a reorganizarii judiciare sau a unei proceduri de prevenire a insolventei.<\/strong><\/p>\n<p>Legea nr. 85\/2014 privind procedurile de prevenire a insolventei si de insolventa prevede procedura reorganizarii judiciare, ca masura de redresare a activitatii economice a unei societati aflate in insolventa sau intr-o stare iminenta de insolventa (acordul de restructurare si concordatorul preventiv).<\/p>\n<p>Orice societate comerciala care are datorii mai mari de 50.000 lei poate solicita deschiderea procedurii insolventei si poate sa isi aleaga administratorul judiciar.<\/p>\n<p><strong>\u25ba De la data deschiderii procedurii insolventei se suspenda orice executare impotriva acelei societati, se ridica popririle aplicate pe conturile societatii si nu mai curg dobanzile si penalitatile.<\/strong><strong>\u00a0<\/strong><\/p>\n<p>\u25ba Dupa deschiderea procedurii insolventei, <strong>societatea comerciala,<\/strong> care a solicitat deschiderea, <strong>poate sa propuna si sa intocmeasca un plan de reorganizare<\/strong>; acest plan de reorganizare poate fi propus si de administratorul judiciar.<\/p>\n<p>Reorganizarea judiciara este procedura care se aplica unei societati comerciale in vederea achitarii datoriilor acestuia, conform programului de plata a creantelor.<\/p>\n<p><strong>\u25ba Planul de reorganizare poate fi intocmit cu plata partiala a creantelor<\/strong>, deci se poate propune un plan de reorganizare prin care sa nu se achite anumite datorii partial sau total.<\/p>\n<p><strong>\u25ba Durata planului de reorganizare este de 4 ani.<\/strong> \u00cen cazul reorganiz\u0103rii judiciare, activitatea debitoarei este condus\u0103 de c\u0103tre un administrator special numit de c\u0103tre asocia\u0163ii societ\u0103\u0163ii, care poate fi chiar fostul administrator. Astfel, <strong>conducerea activit\u0103\u0163ii societatii poate fi continuata de fostele organe de conducere ale debitoarei, sub supravegherea administratorului judiciar.<\/strong><\/p>\n<p><strong>\u00a0 \u00a0 \u00a0 \u00a0 \u00a0 \u00a0 \u00a0<\/strong><\/p>\n<p><strong>\u00a0 \u00a0<em> \u00a0 ECHIPA JUST INSOLV<\/em><\/strong><\/p>\n<p>Operatiunile de reorganizare gestionate de Just Insolv SPRL se realizeaza de o echipa de persoane avizate, si anume: trei avocati membri ai Baroului Prahova, doi experti contabili, trei experti evaluatori, doua societati cu activitate de evaluare, trei\u00a0 societati cu activitate de arhivare, patru angajati.<\/p>\n<p>Mentionam ca societatea noastra este atestata de UNPIR cu certificat de inregistrare nr. RFO II 0797\/09.01.2015 fiind asigurati profesional de Generali conform contractului de asigurare nr.010000032400 si atestatul valabil pana la 31.12.2023.<\/p>\n<p><strong>Cei doi asociati coordonatori ai Just Insolv SPRL, I. Cismaru si I. Oprescu, au calitatea, asa cum am aratat, atat de practicieni in insolventa, activand in Filiala Prahova a UNPIR, cat si de avocati in Baroul Prahova, si pot sa va asigure asistenta juridica in domeniul:<\/strong><\/p>\n<ul>\n<li>insolventei \u00a0\u00a0\u00a0\u00a0\u00a0\u00a0\u00a0\u00a0\u00a0\u00a0\u00a0\u00a0\u00a0 \u2022 dreptului comercial \u00a0\u00a0\u00a0\u00a0\u00a0\u00a0\u00a0\u00a0\u00a0\u00a0\u00a0\u00a0 \u2022 contenciosului administrativ si fiscal.<\/li>\n<\/ul>\n<p>Precizam ca cei 2 avocati au activat cu succes in diverse litigii generate de insolventa\/reorganizare judiciara\/faliment, dar si in litigii de drept comercial si de drept contencios administrativ si fiscal.<\/p>\n<p><strong>Date de contact: telefon 0344104525, fax 0344104524 sau prin email: justinsolv@gmail.com.<\/strong><\/p>\n","protected":false},"excerpt":{"rendered":"<p>\u00a0 \u00a0 \u00a0 \u00a0 Just Insolv SPRL a fost \u00eenfiin\u021bat\u0103 \u00een 2015 av\u00e2nd ca obiectiv exercitarea profesiei de practician \u00een insolven\u021b\u0103. \u00centreaga activitate se desf\u0103\u0219oar\u0103 sub conducerea \u0219i administrarea celor 2 asocia\u021bi: av. Ileana Cismaru \u0219i av. Oprescu Ioana, membri ai Baroului Prahova \u0219i ai Uniunii Na\u021bionale a Practicienilor \u00een Insolven\u021b\u0103. \u00a0 \u00a0 \u00a0 Just [&hellip;]<\/p>\n","protected":false},"author":1,"featured_media":0,"parent":0,"menu_order":0,"comment_status":"open","ping_status":"open","template":"","meta":{"footnotes":""},"class_list":["post-4","page","type-page","status-publish","hentry"],"_links":{"self":[{"href":"https:\/\/www.justinsolv.ro\/index.php?rest_route=\/wp\/v2\/pages\/4","targetHints":{"allow":["GET"]}}],"collection":[{"href":"https:\/\/www.justinsolv.ro\/index.php?rest_route=\/wp\/v2\/pages"}],"about":[{"href":"https:\/\/www.justinsolv.ro\/index.php?rest_route=\/wp\/v2\/types\/page"}],"author":[{"embeddable":true,"href":"https:\/\/www.justinsolv.ro\/index.php?rest_route=\/wp\/v2\/users\/1"}],"replies":[{"embeddable":true,"href":"https:\/\/www.justinsolv.ro\/index.php?rest_route=%2Fwp%2Fv2%2Fcomments&post=4"}],"version-history":[{"count":4,"href":"https:\/\/www.justinsolv.ro\/index.php?rest_route=\/wp\/v2\/pages\/4\/revisions"}],"predecessor-version":[{"id":1109,"href":"https:\/\/www.justinsolv.ro\/index.php?rest_route=\/wp\/v2\/pages\/4\/revisions\/1109"}],"wp:attachment":[{"href":"https:\/\/www.justinsolv.ro\/index.php?rest_route=%2Fwp%2Fv2%2Fmedia&parent=4"}],"curies":[{"name":"wp","href":"https:\/\/api.w.org\/{rel}","templated":true}]}}