{"id":7,"date":"2015-02-12T16:27:30","date_gmt":"2015-02-12T14:27:30","guid":{"rendered":"http:\/\/www.justinsolv.ro\/?page_id=7"},"modified":"2015-02-12T16:27:30","modified_gmt":"2015-02-12T14:27:30","slug":"servicii","status":"publish","type":"page","link":"https:\/\/www.justinsolv.ro\/?page_id=7","title":{"rendered":"Servicii"},"content":{"rendered":"<p><strong>Consultan\u021b\u0103<\/strong> \u00een materia procedurii insolven\u021bei \u0219i consultan\u021b\u0103 avoca\u021bial\u0103 cu privire la <strong>procedura insolven\u021bei<\/strong>, c\u00e2t <strong>\u0219i<\/strong> \u00een materie <strong>comercial\u0103<\/strong>, \u00een special \u00een ceea ce prive\u0219te <strong>recuperarea crean\u021belor<\/strong> societ\u0103\u021bii debitoare.<\/p>\n<p><strong>Perioada de reorganizare<\/strong> este procedura ce se aplic\u0103 debitorului \u00een vederea achit\u0103rii datoriilor acestuia, conform unui plan de reorganizare care poate s\u0103 prevad\u0103, \u00eempreun\u0103 sau separat: restructurarea opera\u021bional\u0103 \u0219i\/sau financiar\u0103 a debitorului; restructurarea corporativ\u0103 prin modificarea structurii de capital social; restr\u00e2ngerea activit\u0103\u021bii prin lichidarea unor bunuri din patrimoniul debitorului.<\/p>\n<p><strong>Procedura falimentului<\/strong> este acea procedur\u0103 de insolven\u021b\u0103 concursual\u0103 colectiv\u0103 \u0219i egalitar\u0103 ce se aplic\u0103 debitorului \u00een vederea lichid\u0103rii averii acestuia pentru a se acoperi pasivul, urm\u00e2nd ca debitorul s\u0103 fie radiat din registrul \u00een care este inregistrat.<\/p>\n<p><strong>Lichidare voluntar\u0103 <\/strong>este procedura \u00een care este necesar\u0103 acoperirea \u00een integralitate, dac\u0103 se poate, a tuturor crean\u021belor creditorilor pentru a exclude riscul declan\u0219\u0103rii de c\u0103tre ace\u0219tia a procedurilor prev\u0103zute de Legea 85\/2006.<\/p>\n","protected":false},"excerpt":{"rendered":"<p>Consultan\u021b\u0103 \u00een materia procedurii insolven\u021bei \u0219i consultan\u021b\u0103 avoca\u021bial\u0103 cu privire la procedura insolven\u021bei, c\u00e2t \u0219i \u00een materie comercial\u0103, \u00een special \u00een ceea ce prive\u0219te recuperarea crean\u021belor societ\u0103\u021bii debitoare. Perioada de reorganizare este procedura ce se aplic\u0103 debitorului \u00een vederea achit\u0103rii datoriilor acestuia, conform unui plan de reorganizare care poate s\u0103 prevad\u0103, \u00eempreun\u0103 sau separat: restructurarea [&hellip;]<\/p>\n","protected":false},"author":1,"featured_media":0,"parent":0,"menu_order":0,"comment_status":"open","ping_status":"open","template":"","meta":{"footnotes":""},"class_list":["post-7","page","type-page","status-publish","hentry"],"_links":{"self":[{"href":"https:\/\/www.justinsolv.ro\/index.php?rest_route=\/wp\/v2\/pages\/7","targetHints":{"allow":["GET"]}}],"collection":[{"href":"https:\/\/www.justinsolv.ro\/index.php?rest_route=\/wp\/v2\/pages"}],"about":[{"href":"https:\/\/www.justinsolv.ro\/index.php?rest_route=\/wp\/v2\/types\/page"}],"author":[{"embeddable":true,"href":"https:\/\/www.justinsolv.ro\/index.php?rest_route=\/wp\/v2\/users\/1"}],"replies":[{"embeddable":true,"href":"https:\/\/www.justinsolv.ro\/index.php?rest_route=%2Fwp%2Fv2%2Fcomments&post=7"}],"version-history":[{"count":1,"href":"https:\/\/www.justinsolv.ro\/index.php?rest_route=\/wp\/v2\/pages\/7\/revisions"}],"predecessor-version":[{"id":8,"href":"https:\/\/www.justinsolv.ro\/index.php?rest_route=\/wp\/v2\/pages\/7\/revisions\/8"}],"wp:attachment":[{"href":"https:\/\/www.justinsolv.ro\/index.php?rest_route=%2Fwp%2Fv2%2Fmedia&parent=7"}],"curies":[{"name":"wp","href":"https:\/\/api.w.org\/{rel}","templated":true}]}}